{"id":1015,"date":"2022-11-21T16:35:50","date_gmt":"2022-11-21T16:35:50","guid":{"rendered":"https:\/\/radixnostra.com\/?page_id=1015"},"modified":"2022-11-29T00:02:02","modified_gmt":"2022-11-29T00:02:02","slug":"conditions","status":"publish","type":"page","link":"https:\/\/radixnostra.com\/en\/conditions\/","title":{"rendered":"Conditions"},"content":{"rendered":"<div data-elementor-type=\"wp-page\" data-elementor-id=\"1015\" class=\"elementor elementor-1015\">\n\t\t\t\t\t\t\t\t\t<section class=\"elementor-section elementor-top-section elementor-element elementor-element-41626f7 elementor-section-full_width elementor-section-stretched elementor-section-height-default elementor-section-height-default\" data-id=\"41626f7\" data-element_type=\"section\" data-settings=\"{&quot;stretch_section&quot;:&quot;section-stretched&quot;,&quot;background_background&quot;:&quot;classic&quot;}\">\n\t\t\t\t\t\t<div class=\"elementor-container elementor-column-gap-default\">\n\t\t\t\t\t<div class=\"elementor-column elementor-col-100 elementor-top-column elementor-element elementor-element-44217fd\" data-id=\"44217fd\" data-element_type=\"column\">\n\t\t\t<div class=\"elementor-widget-wrap elementor-element-populated\">\n\t\t\t\t\t\t\t\t<section class=\"elementor-section elementor-inner-section elementor-element elementor-element-4492b76 elementor-section-boxed elementor-section-height-default elementor-section-height-default\" data-id=\"4492b76\" data-element_type=\"section\">\n\t\t\t\t\t\t<div class=\"elementor-container elementor-column-gap-default\">\n\t\t\t\t\t<div class=\"elementor-column elementor-col-100 elementor-inner-column elementor-element elementor-element-604bbe3\" data-id=\"604bbe3\" data-element_type=\"column\">\n\t\t\t<div class=\"elementor-widget-wrap elementor-element-populated\">\n\t\t\t\t\t\t\t\t<div class=\"elementor-element elementor-element-b0acf43 elementor-widget elementor-widget-heading\" data-id=\"b0acf43\" data-element_type=\"widget\" data-widget_type=\"heading.default\">\n\t\t\t\t<div class=\"elementor-widget-container\">\n\t\t\t<style>\/*! elementor - v3.8.1 - 13-11-2022 *\/\n.elementor-heading-title{padding:0;margin:0;line-height:1}.elementor-widget-heading .elementor-heading-title[class*=elementor-size-]>a{color:inherit;font-size:inherit;line-height:inherit}.elementor-widget-heading .elementor-heading-title.elementor-size-small{font-size:15px}.elementor-widget-heading .elementor-heading-title.elementor-size-medium{font-size:19px}.elementor-widget-heading .elementor-heading-title.elementor-size-large{font-size:29px}.elementor-widget-heading .elementor-heading-title.elementor-size-xl{font-size:39px}.elementor-widget-heading .elementor-heading-title.elementor-size-xxl{font-size:59px}<\/style><p class=\"elementor-heading-title elementor-size-default\">Terms and Conditions of Sale<\/p>\t\t<\/div>\n\t\t\t\t<\/div>\n\t\t\t\t<div class=\"elementor-element elementor-element-a47aa69 elementor-widget elementor-widget-text-editor\" data-id=\"a47aa69\" data-element_type=\"widget\" data-widget_type=\"text-editor.default\">\n\t\t\t\t<div class=\"elementor-widget-container\">\n\t\t\t<style>\/*! elementor - v3.8.1 - 13-11-2022 *\/\n.elementor-widget-text-editor.elementor-drop-cap-view-stacked .elementor-drop-cap{background-color:#818a91;color:#fff}.elementor-widget-text-editor.elementor-drop-cap-view-framed .elementor-drop-cap{color:#818a91;border:3px solid;background-color:transparent}.elementor-widget-text-editor:not(.elementor-drop-cap-view-default) .elementor-drop-cap{margin-top:8px}.elementor-widget-text-editor:not(.elementor-drop-cap-view-default) .elementor-drop-cap-letter{width:1em;height:1em}.elementor-widget-text-editor .elementor-drop-cap{float:left;text-align:center;line-height:1;font-size:50px}.elementor-widget-text-editor .elementor-drop-cap-letter{display:inline-block}<\/style>\t\t\t\t<p class=\"ConditionsContent_contentTitle__2phA1\"><u><b>Conditions of Shipment<\/b><br><\/u><span style=\"font-size: 20px; letter-spacing: 0em;\">Radix Nostra realiza los env\u00edos por medio de mensajer\u00eda. El precio de cada env\u00edo depender\u00e1 del peso del paquete, la cantidad de compra y del destino de entrega.<\/span><\/p>\n<p>Hay que tener en cuenta que para que los tiempos de entrega se cumplan se debe realizar el pedido antes de la hora de corte, las 13hr. Pasada dicha hora, el pedido se tramitar\u00e1 al d\u00eda siguiente.<br>Imprescindible indicar nombre completo, direcci\u00f3n, mail y tel\u00e9fono, para que el mensajero o Radix Nostra pueda ponerse en contacto contigo en caso necesario.<br>Al realizar el pedido, recibir\u00e1 un mail indicando la confirmaci\u00f3n del mismo.<br>Lo pa\u00edses o zonas no indicadas en el listado de la cesta de la compra, deber\u00e1 solicitar por mail (radixnostra@gmail.com) el coste del mismo. Una vez indicado los productos que necesitas, valoraremos el peso y las exigencias aduaneras y dem\u00e1s de cada zona o pa\u00eds. Nos referimos por ejemplo a Canarias, Andorra, Ceuta, Melilla, Reino Unido, \u2026<\/p>\n<p><br><\/p>\n<p class=\"ConditionsContent_contentTitle__2phA1\"><u><b>Horario y d\u00eda de entrega<br><\/b><\/u><span style=\"font-size: 20px; letter-spacing: 0em;\">En el momento de seleccionar el destino, se indicar\u00e1 el tiempo de entrega. Por ejemplo las entregas a Espa\u00f1a peninsular, Portugal y Andorra se realizan entre 24-48hr.<\/span><\/p>\n<p>La empresa de transporte trabaja de lunes a viernes. No reparten los s\u00e1bados, domingos ni festivos.<br>No podemos garantizar una hora de entrega. Las empresas de transporte podr\u00e1n realizar la entrega a lo largo del d\u00eda acordado antes de las 20:00. No obstante, se podr\u00e1 indicar un horario aproximado que la empresa intentar\u00e1 cumplir, pero no est\u00e1 obligada. En caso de que no localice al cliente, la empresa de transporte intentar\u00e1 una segunda entrega pactada con \u00e9l. Si tras el segundo intento sigue sin localizarlo, el cliente deber\u00e1 pasar a recoger el pedido a las instalaciones de la empresa de transporte.<br>La entrega de paqueter\u00eda puede demorarse sobre el plazo previsto por cuestiones aduaneras (Ceuta, Melilla, Andorra, Francia, B\u00e9lgica, Alemania, Italia, Luxemburgo, Pa\u00edses Bajos, Austria, Dinamarca, Reino Unido.<br>Los env\u00edos a\u00e9reos o mar\u00edtimos pueden sufrir retrasos, por causa ajena al transportista.<\/p>\n<p><\/p>\n<p class=\"ConditionsContent_contentTitle__2phA1\"><br><\/p>\n<p class=\"ConditionsContent_contentTitle__2phA1\"><u><b>Tiempos aproximados de entrega<\/b><br><\/u><span style=\"font-size: 20px; letter-spacing: 0em;\">Espa\u00f1a peninsular y Portugal: 1-2 dias<br><\/span><span style=\"font-size: 20px; letter-spacing: 0em;\">Mallorca: 24-72h<br><\/span><span style=\"font-size: 20px; letter-spacing: 0em;\">Ibiza, Menorca y Formentera: 48-96h<br><\/span><span style=\"font-size: 20px; letter-spacing: 0em;\">Francia: 2-3 dias<br><\/span><span style=\"font-size: 20px; letter-spacing: 0em;\">Alemania, Belgica, Italia, Luxemburgo y Pa\u00edses Bajos: 3-4 dias<br><\/span><span style=\"font-size: 20px; letter-spacing: 0em;\">Austria y Dinamarca: 4-5 dias<br><\/span><span style=\"font-size: 20px; letter-spacing: 0em;\">Eslovenia, Estonia, Grecia, Hungr\u00eda, Irlanda, Letonia, Lituania, Polonia y Rep\u00fablica Checa Eslovaca: 4-6 dias<br><\/span><span style=\"font-size: 20px; letter-spacing: 0em;\">Finlandia, Noruega, Suecia y Suiza: 5-6 dias<\/span><\/p>\n<p><\/p>\n<p class=\"ConditionsContent_contentTitle__2phA1\"><br><\/p>\n<p class=\"ConditionsContent_contentTitle__2phA1\"><u><b>Pedidos NO entregados<\/b><br><\/u><span style=\"font-size: 20px; letter-spacing: 0em;\">Si un pedido es enviado y no se puede entregar por causas imputables al cliente, no se devolver\u00e1 el importe pagado por los gastos de env\u00edos. Pasado 15 d\u00edas se devolver\u00e1 a Radix Nostra, teniendo nuevamente que abonar otros gastos de env\u00edo para el reenv\u00edo de la mercanc\u00eda.<\/span><\/p>\n<p><br><\/p>\n<p><b><u>Responsabilidad en los plazos<\/u><\/b><br>La responsabilidad queda limitada en casos de&nbsp;fuerza mayor&nbsp;(huelgas, fen\u00f3menos climatol\u00f3gicos adversos que impidan el tr\u00e1fico normal por tierra, mar o aire,\u2026). En estos casos, se entregar\u00e1n los pedidos lo antes posible, y los plazos arriba indicados no se podr\u00e1n aplicar.<\/p>\n<p><\/p>\n<p class=\"ConditionsContent_contentTitle__2phA1\"><br><\/p>\n<p class=\"ConditionsContent_contentTitle__2phA1\"><u><b>Pol\u00edtica de Devoluciones<\/b><br><\/u><span style=\"font-size: 20px; letter-spacing: 0em;\">Los productos de Radix Nostra, son de alta calidad. Si no corresponde su pedido con las referencias que ha recibido, los podr\u00e1 devolver en un plazo no superior a 7 d\u00edas contados a partir de la recepci\u00f3n del producto, siempre y cuando est\u00e9n todos sus productos, con su embalaje y su precinto originales sin romper, con todos sus accesorios y en perfecto estado.<\/span><\/p>\n<p>Los gastos de env\u00edo en caso de devoluci\u00f3n, as\u00ed como la responsabilidad hasta que llegue a nuestra almazara ser\u00e1n por cuenta del cliente.<br>No podremos aceptar devoluciones de productos que no vengan en su embalaje original, salvo que est\u00e9n defectuosos por alg\u00fan tipo de desperfecto durante el env\u00edo.<br>Si ha recibido un env\u00edo de producto err\u00f3neo, Radix Nostra asumir\u00e1 la devoluci\u00f3n del mismo y el env\u00edo correcto.<br>Se admitir\u00e1 la devoluci\u00f3n de productos defectuosos (rotura), siendo por cuenta de Radix Nostra la totalidad de los gastos. En este caso deber\u00e1 ponerse en contacto con Radix Nostra antes de las 24 horas posteriores a la recepci\u00f3n indicando el deterioro con las fotograf\u00edas correspondientes a: radixnostra@gmail.com. Recuerde indicarlo en el albar\u00e1n del transportista al recibir el material.<br>Para cualquier posible incidencia o reclamaci\u00f3n, le recomendamos que se ponga en contacto con nosotros por correo electr\u00f3nico radixnostra@gmail.com<\/p>\n<p><\/p>\n<p class=\"ConditionsContent_contentTitle__2phA1\"><br><\/p>\n<p class=\"ConditionsContent_contentTitle__2phA1\"><u><b>Instrucciones para devolver un producto<\/b><br><\/u><span style=\"font-size: 20px; letter-spacing: 0em;\">Para devolver un producto cont\u00e1ctanos por mail, indicando todos los datos del pedido (nombre, n\u00ba de pedido, \u2026) y el motivo de la devoluci\u00f3n, as\u00ed como fotograf\u00eda\/s del producto en caso que haya llegado en mal estado.<\/span><\/p>\n<p>El env\u00edo de los productos devueltos deber\u00e1s realizarse utilizando la misma caja de Radix Nostra o con una caja similar, asegur\u00e1ndose que garantice la devoluci\u00f3n en perfecto estado. Tambi\u00e9n deber\u00e1 a\u00f1adir copia del albar\u00e1n de entrega.<br>Los env\u00edos en Espa\u00f1a pen\u00ednsula se realizar\u00e1n a trav\u00e9s de la empresa NACEX o servicio log\u00edstico similar con un tr\u00e1nsito de 2 a 3 d\u00edas laborables tras hacerse efectivo el pago, remitiendo el material en el punto donde el cliente requiera.<\/p>\t\t\t\t\t\t<\/div>\n\t\t\t\t<\/div>\n\t\t\t\t\t<\/div>\n\t\t<\/div>\n\t\t\t\t\t\t\t<\/div>\n\t\t<\/section>\n\t\t\t\t\t<\/div>\n\t\t<\/div>\n\t\t\t\t\t\t\t<\/div>\n\t\t<\/section>\n\t\t\t\t\t\t\t<\/div>","protected":false},"excerpt":{"rendered":"<p>Condiciones de Venta Condiciones de los Env\u00edosRadix Nostra realiza los env\u00edos por medio de mensajer\u00eda. El precio de cada env\u00edo depender\u00e1 del peso del paquete, la cantidad de compra y&#8230;<\/p>","protected":false},"author":1,"featured_media":0,"parent":0,"menu_order":0,"comment_status":"closed","ping_status":"closed","template":"elementor_header_footer","meta":{"_monsterinsights_skip_tracking":false,"_monsterinsights_sitenote_active":false,"_monsterinsights_sitenote_note":"","_monsterinsights_sitenote_category":0,"footnotes":""},"class_list":["post-1015","page","type-page","status-publish","hentry"],"yoast_head":"<!-- This site is optimized with the Yoast SEO plugin v19.11 - https:\/\/yoast.com\/wordpress\/plugins\/seo\/ -->\n<title>Conditions - Radix Nostra<\/title>\n<meta name=\"robots\" content=\"index, follow, max-snippet:-1, max-image-preview:large, max-video-preview:-1\" \/>\n<link rel=\"canonical\" href=\"https:\/\/radixnostra.com\/en\/conditions\/\" \/>\n<meta property=\"og:locale\" content=\"en_US\" \/>\n<meta property=\"og:type\" content=\"article\" \/>\n<meta property=\"og:title\" content=\"Conditions - Radix Nostra\" \/>\n<meta property=\"og:description\" content=\"Condiciones de Venta Condiciones de los Env\u00edosRadix Nostra realiza los env\u00edos por medio de mensajer\u00eda. El precio de cada env\u00edo depender\u00e1 del peso del paquete, la cantidad de compra y...\" \/>\n<meta property=\"og:url\" content=\"https:\/\/radixnostra.com\/en\/conditions\/\" \/>\n<meta property=\"og:site_name\" content=\"Radix Nostra\" \/>\n<meta property=\"article:modified_time\" content=\"2022-11-29T00:02:02+00:00\" \/>\n<meta name=\"twitter:card\" content=\"summary_large_image\" \/>\n<meta name=\"twitter:label1\" content=\"Tiempo de lectura\" \/>\n\t<meta name=\"twitter:data1\" content=\"4 minutes\" \/>\n<script type=\"application\/ld+json\" class=\"yoast-schema-graph\">{\"@context\":\"https:\/\/schema.org\",\"@graph\":[{\"@type\":\"WebPage\",\"@id\":\"https:\/\/radixnostra.com\/en\/conditions\/\",\"url\":\"https:\/\/radixnostra.com\/en\/conditions\/\",\"name\":\"Conditions - Radix Nostra\",\"isPartOf\":{\"@id\":\"https:\/\/radixnostra.com\/#website\"},\"datePublished\":\"2022-11-21T16:35:50+00:00\",\"dateModified\":\"2022-11-29T00:02:02+00:00\",\"breadcrumb\":{\"@id\":\"https:\/\/radixnostra.com\/en\/conditions\/#breadcrumb\"},\"inLanguage\":\"en-US\",\"potentialAction\":[{\"@type\":\"ReadAction\",\"target\":[\"https:\/\/radixnostra.com\/en\/conditions\/\"]}]},{\"@type\":\"BreadcrumbList\",\"@id\":\"https:\/\/radixnostra.com\/en\/conditions\/#breadcrumb\",\"itemListElement\":[{\"@type\":\"ListItem\",\"position\":1,\"name\":\"Portada\",\"item\":\"https:\/\/radixnostra.com\/\"},{\"@type\":\"ListItem\",\"position\":2,\"name\":\"Conditions\"}]},{\"@type\":\"WebSite\",\"@id\":\"https:\/\/radixnostra.com\/#website\",\"url\":\"https:\/\/radixnostra.com\/\",\"name\":\"Radix Nostra\",\"description\":\"\",\"publisher\":{\"@id\":\"https:\/\/radixnostra.com\/#organization\"},\"potentialAction\":[{\"@type\":\"SearchAction\",\"target\":{\"@type\":\"EntryPoint\",\"urlTemplate\":\"https:\/\/radixnostra.com\/?s={search_term_string}\"},\"query-input\":\"required name=search_term_string\"}],\"inLanguage\":\"en-US\"},{\"@type\":\"Organization\",\"@id\":\"https:\/\/radixnostra.com\/#organization\",\"name\":\"Radix Nostra\",\"url\":\"https:\/\/radixnostra.com\/\",\"logo\":{\"@type\":\"ImageObject\",\"inLanguage\":\"en-US\",\"@id\":\"https:\/\/radixnostra.com\/#\/schema\/logo\/image\/\",\"url\":\"https:\/\/radixnostra.com\/wp-content\/uploads\/2022\/11\/Logo_RadixNostra.svg\",\"contentUrl\":\"https:\/\/radixnostra.com\/wp-content\/uploads\/2022\/11\/Logo_RadixNostra.svg\",\"width\":188,\"height\":116,\"caption\":\"Radix Nostra\"},\"image\":{\"@id\":\"https:\/\/radixnostra.com\/#\/schema\/logo\/image\/\"}}]}<\/script>\n<!-- \/ Yoast SEO plugin. -->","yoast_head_json":{"title":"Conditions - Radix Nostra","robots":{"index":"index","follow":"follow","max-snippet":"max-snippet:-1","max-image-preview":"max-image-preview:large","max-video-preview":"max-video-preview:-1"},"canonical":"https:\/\/radixnostra.com\/en\/conditions\/","og_locale":"en_US","og_type":"article","og_title":"Conditions - Radix Nostra","og_description":"Condiciones de Venta Condiciones de los Env\u00edosRadix Nostra realiza los env\u00edos por medio de mensajer\u00eda. El precio de cada env\u00edo depender\u00e1 del peso del paquete, la cantidad de compra y...","og_url":"https:\/\/radixnostra.com\/en\/conditions\/","og_site_name":"Radix Nostra","article_modified_time":"2022-11-29T00:02:02+00:00","twitter_card":"summary_large_image","twitter_misc":{"Tiempo de lectura":"4 minutes"},"schema":{"@context":"https:\/\/schema.org","@graph":[{"@type":"WebPage","@id":"https:\/\/radixnostra.com\/en\/conditions\/","url":"https:\/\/radixnostra.com\/en\/conditions\/","name":"Conditions - Radix Nostra","isPartOf":{"@id":"https:\/\/radixnostra.com\/#website"},"datePublished":"2022-11-21T16:35:50+00:00","dateModified":"2022-11-29T00:02:02+00:00","breadcrumb":{"@id":"https:\/\/radixnostra.com\/en\/conditions\/#breadcrumb"},"inLanguage":"en-US","potentialAction":[{"@type":"ReadAction","target":["https:\/\/radixnostra.com\/en\/conditions\/"]}]},{"@type":"BreadcrumbList","@id":"https:\/\/radixnostra.com\/en\/conditions\/#breadcrumb","itemListElement":[{"@type":"ListItem","position":1,"name":"Portada","item":"https:\/\/radixnostra.com\/"},{"@type":"ListItem","position":2,"name":"Conditions"}]},{"@type":"WebSite","@id":"https:\/\/radixnostra.com\/#website","url":"https:\/\/radixnostra.com\/","name":"Radix Nostra","description":"","publisher":{"@id":"https:\/\/radixnostra.com\/#organization"},"potentialAction":[{"@type":"SearchAction","target":{"@type":"EntryPoint","urlTemplate":"https:\/\/radixnostra.com\/?s={search_term_string}"},"query-input":"required name=search_term_string"}],"inLanguage":"en-US"},{"@type":"Organization","@id":"https:\/\/radixnostra.com\/#organization","name":"Radix Nostra","url":"https:\/\/radixnostra.com\/","logo":{"@type":"ImageObject","inLanguage":"en-US","@id":"https:\/\/radixnostra.com\/#\/schema\/logo\/image\/","url":"https:\/\/radixnostra.com\/wp-content\/uploads\/2022\/11\/Logo_RadixNostra.svg","contentUrl":"https:\/\/radixnostra.com\/wp-content\/uploads\/2022\/11\/Logo_RadixNostra.svg","width":188,"height":116,"caption":"Radix Nostra"},"image":{"@id":"https:\/\/radixnostra.com\/#\/schema\/logo\/image\/"}}]}},"_links":{"self":[{"href":"https:\/\/radixnostra.com\/en\/wp-json\/wp\/v2\/pages\/1015","targetHints":{"allow":["GET"]}}],"collection":[{"href":"https:\/\/radixnostra.com\/en\/wp-json\/wp\/v2\/pages"}],"about":[{"href":"https:\/\/radixnostra.com\/en\/wp-json\/wp\/v2\/types\/page"}],"author":[{"embeddable":true,"href":"https:\/\/radixnostra.com\/en\/wp-json\/wp\/v2\/users\/1"}],"replies":[{"embeddable":true,"href":"https:\/\/radixnostra.com\/en\/wp-json\/wp\/v2\/comments?post=1015"}],"version-history":[{"count":13,"href":"https:\/\/radixnostra.com\/en\/wp-json\/wp\/v2\/pages\/1015\/revisions"}],"predecessor-version":[{"id":2673,"href":"https:\/\/radixnostra.com\/en\/wp-json\/wp\/v2\/pages\/1015\/revisions\/2673"}],"wp:attachment":[{"href":"https:\/\/radixnostra.com\/en\/wp-json\/wp\/v2\/media?parent=1015"}],"curies":[{"name":"wp","href":"https:\/\/api.w.org\/{rel}","templated":true}]}}