{"id":754,"date":"2022-11-20T02:20:57","date_gmt":"2022-11-20T02:20:57","guid":{"rendered":"https:\/\/radixnostra.com\/?post_type=product&#038;p=754"},"modified":"2023-11-12T15:20:21","modified_gmt":"2023-11-12T15:20:21","slug":"radix-nostra-nana","status":"publish","type":"product","link":"https:\/\/radixnostra.com\/en\/product\/radix-nostra-nana\/","title":{"rendered":"Radix Nostra Nana"},"content":{"rendered":"","protected":false},"excerpt":{"rendered":"<p class=\"ProductSection4_paragraph__Ytdra\">Premium Extra Virgin Olive Oil. Early harvest and cold extraction. Made with olives from the Nana variety, typical from the Sant Jordi area and its surroundings.<\/p>","protected":false},"featured_media":758,"template":"","meta":{"_monsterinsights_skip_tracking":false,"_monsterinsights_sitenote_active":false,"_monsterinsights_sitenote_note":"","_monsterinsights_sitenote_category":0},"product_cat":[15],"product_tag":[],"class_list":["post-754","product","type-product","status-publish","has-post-thumbnail","hentry","product_cat-uncategorized"],"yoast_head":"<!-- This site is optimized with the Yoast SEO plugin v19.11 - https:\/\/yoast.com\/wordpress\/plugins\/seo\/ -->\n<title>Radix Nostra Nana - Radix Nostra<\/title>\n<meta name=\"robots\" content=\"index, follow, max-snippet:-1, max-image-preview:large, max-video-preview:-1\" \/>\n<link rel=\"canonical\" href=\"https:\/\/radixnostra.com\/en\/product\/radix-nostra-nana\/\" \/>\n<meta property=\"og:locale\" content=\"en_US\" \/>\n<meta property=\"og:type\" content=\"article\" \/>\n<meta property=\"og:title\" content=\"Radix Nostra Nana - Radix Nostra\" \/>\n<meta property=\"og:description\" content=\"Aceite de Oliva Virgen Extra Premium de cosecha temprana y extracci\u00f3n en fr\u00edo. Elaborado con olivas de la variedad Nana, caracter\u00edstica de la zona de Sant Jordi y alrededores.\" \/>\n<meta property=\"og:url\" content=\"https:\/\/radixnostra.com\/en\/product\/radix-nostra-nana\/\" \/>\n<meta property=\"og:site_name\" content=\"Radix Nostra\" \/>\n<meta property=\"article:modified_time\" content=\"2023-11-12T15:20:21+00:00\" \/>\n<meta property=\"og:image\" content=\"https:\/\/radixnostra.com\/wp-content\/uploads\/2022\/11\/product-2-section-4.webp\" \/>\n\t<meta property=\"og:image:width\" content=\"1116\" \/>\n\t<meta property=\"og:image:height\" content=\"1428\" \/>\n\t<meta property=\"og:image:type\" content=\"image\/webp\" \/>\n<meta name=\"twitter:card\" content=\"summary_large_image\" \/>\n<script type=\"application\/ld+json\" class=\"yoast-schema-graph\">{\"@context\":\"https:\/\/schema.org\",\"@graph\":[{\"@type\":\"WebPage\",\"@id\":\"https:\/\/radixnostra.com\/producto\/radix-nostra-nana\/\",\"url\":\"https:\/\/radixnostra.com\/producto\/radix-nostra-nana\/\",\"name\":\"Radix Nostra Nana - Radix Nostra\",\"isPartOf\":{\"@id\":\"https:\/\/radixnostra.com\/#website\"},\"datePublished\":\"2022-11-20T02:20:57+00:00\",\"dateModified\":\"2023-11-12T15:20:21+00:00\",\"breadcrumb\":{\"@id\":\"https:\/\/radixnostra.com\/producto\/radix-nostra-nana\/#breadcrumb\"},\"inLanguage\":\"en-US\",\"potentialAction\":[{\"@type\":\"ReadAction\",\"target\":[\"https:\/\/radixnostra.com\/producto\/radix-nostra-nana\/\"]}]},{\"@type\":\"BreadcrumbList\",\"@id\":\"https:\/\/radixnostra.com\/producto\/radix-nostra-nana\/#breadcrumb\",\"itemListElement\":[{\"@type\":\"ListItem\",\"position\":1,\"name\":\"Portada\",\"item\":\"https:\/\/radixnostra.com\/\"},{\"@type\":\"ListItem\",\"position\":2,\"name\":\"Productos\",\"item\":\"https:\/\/radixnostra.com\/shop\/\"},{\"@type\":\"ListItem\",\"position\":3,\"name\":\"Radix Nostra Nana\"}]},{\"@type\":\"WebSite\",\"@id\":\"https:\/\/radixnostra.com\/#website\",\"url\":\"https:\/\/radixnostra.com\/\",\"name\":\"Radix Nostra\",\"description\":\"\",\"publisher\":{\"@id\":\"https:\/\/radixnostra.com\/#organization\"},\"potentialAction\":[{\"@type\":\"SearchAction\",\"target\":{\"@type\":\"EntryPoint\",\"urlTemplate\":\"https:\/\/radixnostra.com\/?s={search_term_string}\"},\"query-input\":\"required name=search_term_string\"}],\"inLanguage\":\"en-US\"},{\"@type\":\"Organization\",\"@id\":\"https:\/\/radixnostra.com\/#organization\",\"name\":\"Radix Nostra\",\"url\":\"https:\/\/radixnostra.com\/\",\"logo\":{\"@type\":\"ImageObject\",\"inLanguage\":\"en-US\",\"@id\":\"https:\/\/radixnostra.com\/#\/schema\/logo\/image\/\",\"url\":\"https:\/\/radixnostra.com\/wp-content\/uploads\/2022\/11\/Logo_RadixNostra.svg\",\"contentUrl\":\"https:\/\/radixnostra.com\/wp-content\/uploads\/2022\/11\/Logo_RadixNostra.svg\",\"width\":188,\"height\":116,\"caption\":\"Radix Nostra\"},\"image\":{\"@id\":\"https:\/\/radixnostra.com\/#\/schema\/logo\/image\/\"}}]}<\/script>\n<!-- \/ Yoast SEO plugin. -->","yoast_head_json":{"title":"Radix Nostra Nana - Radix Nostra","robots":{"index":"index","follow":"follow","max-snippet":"max-snippet:-1","max-image-preview":"max-image-preview:large","max-video-preview":"max-video-preview:-1"},"canonical":"https:\/\/radixnostra.com\/en\/product\/radix-nostra-nana\/","og_locale":"en_US","og_type":"article","og_title":"Radix Nostra Nana - Radix Nostra","og_description":"Aceite de Oliva Virgen Extra Premium de cosecha temprana y extracci\u00f3n en fr\u00edo. Elaborado con olivas de la variedad Nana, caracter\u00edstica de la zona de Sant Jordi y alrededores.","og_url":"https:\/\/radixnostra.com\/en\/product\/radix-nostra-nana\/","og_site_name":"Radix Nostra","article_modified_time":"2023-11-12T15:20:21+00:00","og_image":[{"width":1116,"height":1428,"url":"https:\/\/radixnostra.com\/wp-content\/uploads\/2022\/11\/product-2-section-4.webp","type":"image\/webp"}],"twitter_card":"summary_large_image","schema":{"@context":"https:\/\/schema.org","@graph":[{"@type":"WebPage","@id":"https:\/\/radixnostra.com\/producto\/radix-nostra-nana\/","url":"https:\/\/radixnostra.com\/producto\/radix-nostra-nana\/","name":"Radix Nostra Nana - Radix Nostra","isPartOf":{"@id":"https:\/\/radixnostra.com\/#website"},"datePublished":"2022-11-20T02:20:57+00:00","dateModified":"2023-11-12T15:20:21+00:00","breadcrumb":{"@id":"https:\/\/radixnostra.com\/producto\/radix-nostra-nana\/#breadcrumb"},"inLanguage":"en-US","potentialAction":[{"@type":"ReadAction","target":["https:\/\/radixnostra.com\/producto\/radix-nostra-nana\/"]}]},{"@type":"BreadcrumbList","@id":"https:\/\/radixnostra.com\/producto\/radix-nostra-nana\/#breadcrumb","itemListElement":[{"@type":"ListItem","position":1,"name":"Portada","item":"https:\/\/radixnostra.com\/"},{"@type":"ListItem","position":2,"name":"Productos","item":"https:\/\/radixnostra.com\/shop\/"},{"@type":"ListItem","position":3,"name":"Radix Nostra Nana"}]},{"@type":"WebSite","@id":"https:\/\/radixnostra.com\/#website","url":"https:\/\/radixnostra.com\/","name":"Radix Nostra","description":"","publisher":{"@id":"https:\/\/radixnostra.com\/#organization"},"potentialAction":[{"@type":"SearchAction","target":{"@type":"EntryPoint","urlTemplate":"https:\/\/radixnostra.com\/?s={search_term_string}"},"query-input":"required name=search_term_string"}],"inLanguage":"en-US"},{"@type":"Organization","@id":"https:\/\/radixnostra.com\/#organization","name":"Radix Nostra","url":"https:\/\/radixnostra.com\/","logo":{"@type":"ImageObject","inLanguage":"en-US","@id":"https:\/\/radixnostra.com\/#\/schema\/logo\/image\/","url":"https:\/\/radixnostra.com\/wp-content\/uploads\/2022\/11\/Logo_RadixNostra.svg","contentUrl":"https:\/\/radixnostra.com\/wp-content\/uploads\/2022\/11\/Logo_RadixNostra.svg","width":188,"height":116,"caption":"Radix Nostra"},"image":{"@id":"https:\/\/radixnostra.com\/#\/schema\/logo\/image\/"}}]}},"_links":{"self":[{"href":"https:\/\/radixnostra.com\/en\/wp-json\/wp\/v2\/product\/754","targetHints":{"allow":["GET"]}}],"collection":[{"href":"https:\/\/radixnostra.com\/en\/wp-json\/wp\/v2\/product"}],"about":[{"href":"https:\/\/radixnostra.com\/en\/wp-json\/wp\/v2\/types\/product"}],"wp:featuredmedia":[{"embeddable":true,"href":"https:\/\/radixnostra.com\/en\/wp-json\/wp\/v2\/media\/758"}],"wp:attachment":[{"href":"https:\/\/radixnostra.com\/en\/wp-json\/wp\/v2\/media?parent=754"}],"wp:term":[{"taxonomy":"product_cat","embeddable":true,"href":"https:\/\/radixnostra.com\/en\/wp-json\/wp\/v2\/product_cat?post=754"},{"taxonomy":"product_tag","embeddable":true,"href":"https:\/\/radixnostra.com\/en\/wp-json\/wp\/v2\/product_tag?post=754"}],"curies":[{"name":"wp","href":"https:\/\/api.w.org\/{rel}","templated":true}]}}